{"id":112,"date":"2024-07-20T12:18:32","date_gmt":"2024-07-20T10:18:32","guid":{"rendered":"http:\/\/bilansf.cluster023.hosting.ovh.net\/?page_id=112"},"modified":"2025-06-24T15:26:53","modified_gmt":"2025-06-24T13:26:53","slug":"o-nas","status":"publish","type":"page","link":"https:\/\/bilansbalance.pl\/index.php\/o-nas\/","title":{"rendered":"O nas"},"content":{"rendered":"\n<h2 class=\"wp-block-heading has-ti-bg-inv-color has-ti-bg-alt-background-color has-text-color has-background has-link-color has-normal-font-size wp-elements-1565105c0c7188b6f7f3cb0b7158a812\" style=\"margin-top:0;margin-right:0;margin-bottom:0;margin-left:0;padding-top:var(--wp--preset--spacing--50);padding-right:var(--wp--preset--spacing--20);padding-bottom:var(--wp--preset--spacing--50);padding-left:var(--wp--preset--spacing--20);line-height:1.6\">W ARM Bilans &amp; Balance dzia\u0142amy profesjonalnie i skrupulatnie. <br>Na pocz\u0105tku analizujemy sytuacj\u0119 ekonomiczn\u0105 klienta, aby zrozumie\u0107 jego potrzeby i cele. Na jej podstawie opracowujemy spersonalizowane rozwi\u0105zania, kt\u00f3re pomog\u0105 mu efektywnie zarz\u0105dza\u0107 finansami.<br>Zapewniamy sta\u0142e wsparcie i doradztwo, dbamy o terminowo\u015b\u0107 i rzetelno\u015b\u0107 w wykonywaniu powierzonych zada\u0144. <br>Dzia\u0142amy z pasj\u0105 i zaanga\u017cowaniem, aby sukces by\u0142 wsp\u00f3lny.<br>Jeste\u015bmy partnerem, na kt\u00f3ry zawsze mo\u017cna liczy\u0107 w kwestiach ksi\u0119gowych i podatkowych. <br>Skontaktuj si\u0119 z nami, a pomo\u017cemy Ci uporz\u0105dkowa\u0107 finanse Twojej firmy.<\/h2>\n\n\n\n<div class=\"wp-block-columns is-layout-flex wp-container-core-columns-is-layout-28f84493 wp-block-columns-is-layout-flex\">\n<div class=\"wp-block-column is-layout-flow wp-block-column-is-layout-flow\">\n<p class=\"has-ti-bg-alt-background-color has-background wp-block-paragraph\">Posiadam prawie 30 letnie do\u015bwiadczenie w prowadzeniu pe\u0142nej ksi\u0119gowo\u015bci. Zajmowa\u0142am si\u0119 zar\u00f3wno firmami handlowymi, jak i produkcyjnymi. Wspieram ksi\u0119gowo lokalne ko\u0142o \u0142owieckie oraz stowarzyszenie organizuj\u0105ce wypoczynek dzieciom i m\u0142odzie\u017cy. <br>Pos\u0142uguj\u0119 si\u0119 j\u0119zykiem polskim oraz angielskim.<br>Wsp\u00f3\u0142pracowa\u0142am z audytorami, urz\u0119dami skarbowymi i jednostkami bud\u017cetowymi. Samodzielnie wdra\u017ca\u0142am systemy ksi\u0119gowe, prowadzi\u0142am szkolenia i zajmowa\u0142am si\u0119 usprawnieniami proces\u00f3w obiegu dokument\u00f3w w firmie. <br>Zdecydowa\u0142am si\u0119 za\u0142o\u017cy\u0107 biuro rachunkowe, by m\u00f3c swobodnie wspiera\u0107 biznesy w potrzebie i aby co skomplikowane sta\u0142o si\u0119 proste. <br><br>Biuro oczywi\u015bcie posiada OC.<\/p>\n<\/div>\n\n\n\n<div class=\"wp-block-column is-layout-flow wp-block-column-is-layout-flow\" style=\"flex-basis:400px\">\n<figure class=\"wp-block-image size-large is-resized has-custom-border wp-duotone-unset-1\"><img loading=\"lazy\" decoding=\"async\" width=\"669\" height=\"1024\" src=\"https:\/\/bilansbalance.pl\/wp-content\/uploads\/2024\/07\/20211030_125214-669x1024.jpg\" alt=\"\" class=\"wp-image-248\" style=\"border-style:none;border-width:0px;border-radius:0px;width:229px;height:auto\" srcset=\"https:\/\/bilansbalance.pl\/wp-content\/uploads\/2024\/07\/20211030_125214-669x1024.jpg 669w, https:\/\/bilansbalance.pl\/wp-content\/uploads\/2024\/07\/20211030_125214-196x300.jpg 196w, https:\/\/bilansbalance.pl\/wp-content\/uploads\/2024\/07\/20211030_125214-768x1175.jpg 768w, https:\/\/bilansbalance.pl\/wp-content\/uploads\/2024\/07\/20211030_125214-1004x1536.jpg 1004w, https:\/\/bilansbalance.pl\/wp-content\/uploads\/2024\/07\/20211030_125214-1338x2048.jpg 1338w, https:\/\/bilansbalance.pl\/wp-content\/uploads\/2024\/07\/20211030_125214-scaled.jpg 1673w\" sizes=\"auto, (max-width: 669px) 100vw, 669px\" \/><\/figure>\n<\/div>\n<\/div>\n\n\n\n<div class=\"wp-block-cover\"><img loading=\"lazy\" decoding=\"async\" width=\"1024\" height=\"1024\" class=\"wp-block-cover__image-background wp-image-251\" alt=\"\" src=\"http:\/\/bilansf.cluster023.hosting.ovh.net\/wp-content\/uploads\/2024\/07\/4281054814_bb8e71c817_b-2.jpg\" style=\"object-position:52% 42%\" data-object-fit=\"cover\" data-object-position=\"52% 42%\" srcset=\"https:\/\/bilansbalance.pl\/wp-content\/uploads\/2024\/07\/4281054814_bb8e71c817_b-2.jpg 1024w, https:\/\/bilansbalance.pl\/wp-content\/uploads\/2024\/07\/4281054814_bb8e71c817_b-2-300x300.jpg 300w, https:\/\/bilansbalance.pl\/wp-content\/uploads\/2024\/07\/4281054814_bb8e71c817_b-2-150x150.jpg 150w, https:\/\/bilansbalance.pl\/wp-content\/uploads\/2024\/07\/4281054814_bb8e71c817_b-2-768x768.jpg 768w\" sizes=\"auto, (max-width: 1024px) 100vw, 1024px\" \/><span aria-hidden=\"true\" class=\"wp-block-cover__background has-background-dim-0 has-background-dim\"><\/span><div class=\"wp-block-cover__inner-container is-layout-flow wp-block-cover-is-layout-flow\">\n<p class=\"has-text-align-center has-large-font-size wp-block-paragraph\"><\/p>\n<\/div><\/div>\n","protected":false},"excerpt":{"rendered":"<p>W ARM Bilans &amp; Balance dzia\u0142amy profesjonalnie i skrupulatnie. Na pocz\u0105tku analizujemy sytuacj\u0119 ekonomiczn\u0105 klienta, aby zrozumie\u0107 jego potrzeby i cele. Na jej podstawie opracowujemy spersonalizowane rozwi\u0105zania, kt\u00f3re pomog\u0105 mu efektywnie zarz\u0105dza\u0107 finansami.Zapewniamy sta\u0142e wsparcie i doradztwo, dbamy o terminowo\u015b\u0107 i rzetelno\u015b\u0107 w wykonywaniu powierzonych zada\u0144. Dzia\u0142amy z pasj\u0105 i zaanga\u017cowaniem, aby sukces by\u0142 wsp\u00f3lny.Jeste\u015bmy [&hellip;]<\/p>\n","protected":false},"author":1,"featured_media":0,"parent":0,"menu_order":0,"comment_status":"closed","ping_status":"closed","template":"","meta":{"_crdt_document":"","footnotes":""},"class_list":["post-112","page","type-page","status-publish","hentry"],"_links":{"self":[{"href":"https:\/\/bilansbalance.pl\/index.php\/wp-json\/wp\/v2\/pages\/112","targetHints":{"allow":["GET"]}}],"collection":[{"href":"https:\/\/bilansbalance.pl\/index.php\/wp-json\/wp\/v2\/pages"}],"about":[{"href":"https:\/\/bilansbalance.pl\/index.php\/wp-json\/wp\/v2\/types\/page"}],"author":[{"embeddable":true,"href":"https:\/\/bilansbalance.pl\/index.php\/wp-json\/wp\/v2\/users\/1"}],"replies":[{"embeddable":true,"href":"https:\/\/bilansbalance.pl\/index.php\/wp-json\/wp\/v2\/comments?post=112"}],"version-history":[{"count":21,"href":"https:\/\/bilansbalance.pl\/index.php\/wp-json\/wp\/v2\/pages\/112\/revisions"}],"predecessor-version":[{"id":329,"href":"https:\/\/bilansbalance.pl\/index.php\/wp-json\/wp\/v2\/pages\/112\/revisions\/329"}],"wp:attachment":[{"href":"https:\/\/bilansbalance.pl\/index.php\/wp-json\/wp\/v2\/media?parent=112"}],"curies":[{"name":"wp","href":"https:\/\/api.w.org\/{rel}","templated":true}]}}