{"id":101,"date":"2024-07-19T09:09:46","date_gmt":"2024-07-19T07:09:46","guid":{"rendered":"http:\/\/bilansf.cluster023.hosting.ovh.net\/?page_id=101"},"modified":"2025-05-23T16:59:31","modified_gmt":"2025-05-23T14:59:31","slug":"oferta","status":"publish","type":"page","link":"https:\/\/bilansbalance.pl\/index.php\/page-d-exemple\/oferta\/","title":{"rendered":"Oferta"},"content":{"rendered":"\n<p class=\"wp-block-paragraph\"><\/p>\n\n\n\n<p class=\"wp-block-paragraph\"><\/p>\n\n\n\n<p class=\"wp-block-paragraph\"><\/p>\n\n\n\n<p class=\"wp-block-paragraph\"><\/p>\n\n\n\n<div class=\"wp-block-group is-layout-constrained wp-block-group-is-layout-constrained\">\n<h2 class=\"wp-block-heading alignwide has-ti-bg-alt-background-color has-background has-normal-font-size\" style=\"margin-top:0;margin-right:0;margin-bottom:0;margin-left:0\">Nasza oferta skierowana jest do firm, stowarzysze\u0144 stosuj\u0105cych pe\u0142n\u0105 ksi\u0119gowo\u015b\u0107. Oferujemy kompleksow\u0105 ksi\u0119gow\u0105 obs\u0142ug\u0119 dzia\u0142alno\u015bci lub tylko cz\u0119\u015bci. Poni\u017cej g\u0142\u00f3wne grupy, w kt\u00f3rych porusza si\u0119 nasze biuro rachunkowe:<\/h2>\n<\/div>\n\n\n\n<div class=\"wp-block-group has-ti-bg-alt-background-color has-background is-layout-constrained wp-container-core-group-is-layout-1ab46714 wp-block-group-is-layout-constrained\" style=\"margin-top:0;margin-bottom:0;padding-top:60px;padding-bottom:60px\">\n<div class=\"wp-block-columns is-layout-flex wp-container-core-columns-is-layout-e0e4babd wp-block-columns-is-layout-flex\" style=\"padding-right:0;padding-left:0\">\n<div class=\"wp-block-column is-vertically-aligned-bottom is-layout-constrained wp-container-core-column-is-layout-cf69d669 wp-block-column-is-layout-constrained\" style=\"border-style:none;border-width:0px;padding-right:var(--wp--preset--spacing--80);padding-left:var(--wp--preset--spacing--80)\">\n<figure class=\"wp-block-image aligncenter size-full is-style-default\"><img loading=\"lazy\" decoding=\"async\" width=\"550\" height=\"179\" src=\"http:\/\/bilansf.cluster023.hosting.ovh.net\/wp-content\/uploads\/2024\/07\/woda.jpg\" alt=\"\" class=\"wp-image-198\" style=\"object-fit:contain\" srcset=\"https:\/\/bilansbalance.pl\/wp-content\/uploads\/2024\/07\/woda.jpg 550w, https:\/\/bilansbalance.pl\/wp-content\/uploads\/2024\/07\/woda-300x98.jpg 300w\" sizes=\"auto, (max-width: 550px) 100vw, 550px\" \/><\/figure>\n<\/div>\n<\/div>\n\n\n\n<div class=\"wp-block-group is-layout-constrained wp-block-group-is-layout-constrained\">\n<div class=\"wp-block-columns is-layout-flex wp-container-core-columns-is-layout-28f84493 wp-block-columns-is-layout-flex\">\n<div class=\"wp-block-column is-layout-flow wp-block-column-is-layout-flow\" style=\"flex-basis:100%\">\n<div class=\"wp-block-group is-layout-flow wp-block-group-is-layout-flow\" style=\"margin-top:0;margin-bottom:0\">\n<div class=\"wp-block-columns are-vertically-aligned-center has-medium-font-size is-layout-flex wp-container-core-columns-is-layout-0e3b43d4 wp-block-columns-is-layout-flex\" style=\"border-radius:0px;padding-top:0;padding-right:0;padding-bottom:0;padding-left:0\">\n<div class=\"wp-block-column is-vertically-aligned-center is-layout-flow wp-block-column-is-layout-flow\" style=\"flex-basis:50%\">\n<div class=\"wp-block-columns are-vertically-aligned-center is-layout-flex wp-container-core-columns-is-layout-28f84493 wp-block-columns-is-layout-flex\">\n<div class=\"wp-block-column is-vertically-aligned-center is-layout-flow wp-block-column-is-layout-flow\" style=\"flex-basis:25%\">\n<figure class=\"wp-block-image is-resized is-style-rounded\"><img loading=\"lazy\" decoding=\"async\" width=\"73\" height=\"73\" src=\"https:\/\/bilansbalance.pl\/wp-content\/uploads\/2024\/07\/1a.jpg\" alt=\"\" class=\"wp-image-95\" style=\"width:73px\"\/><\/figure>\n<\/div>\n\n\n\n<div class=\"wp-block-column is-vertically-aligned-center is-layout-flow wp-block-column-is-layout-flow\" style=\"flex-basis:75%\">\n<p class=\"wp-block-paragraph\">Us\u0142ugi ksi\u0119gowe<\/p>\n<\/div>\n<\/div>\n\n\n\n<div class=\"wp-block-columns are-vertically-aligned-center is-layout-flex wp-container-core-columns-is-layout-28f84493 wp-block-columns-is-layout-flex\">\n<div class=\"wp-block-column is-vertically-aligned-center is-layout-flow wp-block-column-is-layout-flow\" style=\"flex-basis:25%\">\n<figure class=\"wp-block-image is-style-rounded\"><img loading=\"lazy\" decoding=\"async\" width=\"67\" height=\"70\" src=\"https:\/\/bilansbalance.pl\/wp-content\/uploads\/2024\/07\/3a.jpg\" alt=\"\" class=\"wp-image-97\" style=\"object-fit:contain\"\/><\/figure>\n<\/div>\n\n\n\n<div class=\"wp-block-column is-vertically-aligned-center is-layout-flow wp-block-column-is-layout-flow\" style=\"flex-basis:75%\">\n<p class=\"wp-block-paragraph\">Szkolenia<\/p>\n<\/div>\n<\/div>\n<\/div>\n\n\n\n<div class=\"wp-block-column is-vertically-aligned-center is-layout-flow wp-block-column-is-layout-flow\" style=\"flex-basis:50%\">\n<div class=\"wp-block-columns is-layout-flex wp-container-core-columns-is-layout-28f84493 wp-block-columns-is-layout-flex\">\n<div class=\"wp-block-column is-layout-flow wp-block-column-is-layout-flow\" style=\"flex-basis:25%\">\n<figure class=\"wp-block-image is-resized is-style-rounded\"><img loading=\"lazy\" decoding=\"async\" width=\"68\" height=\"69\" src=\"https:\/\/bilansbalance.pl\/wp-content\/uploads\/2024\/07\/2a.jpg\" alt=\"\" class=\"wp-image-96\" style=\"width:73px\"\/><\/figure>\n<\/div>\n\n\n\n<div class=\"wp-block-column is-vertically-aligned-center is-layout-flow wp-block-column-is-layout-flow\" style=\"flex-basis:75%\">\n<p class=\"wp-block-paragraph\" style=\"padding-top:0;padding-right:0;padding-bottom:0;padding-left:0\">Analiza Finansowa<\/p>\n<\/div>\n<\/div>\n\n\n\n<div class=\"wp-block-columns is-layout-flex wp-container-core-columns-is-layout-28f84493 wp-block-columns-is-layout-flex\">\n<div class=\"wp-block-column is-layout-flow wp-block-column-is-layout-flow\" style=\"flex-basis:25%\">\n<figure class=\"wp-block-image is-resized is-style-rounded\"><img loading=\"lazy\" decoding=\"async\" width=\"71\" height=\"66\" src=\"https:\/\/bilansbalance.pl\/wp-content\/uploads\/2024\/07\/4a-1.jpg\" alt=\"\" class=\"wp-image-126\" style=\"width:73px\"\/><\/figure>\n<\/div>\n\n\n\n<div class=\"wp-block-column is-vertically-aligned-center is-content-justification-left is-layout-constrained wp-container-core-column-is-layout-6615f8f8 wp-block-column-is-layout-constrained\" style=\"flex-basis:75%\">\n<p class=\"wp-block-paragraph\">Konsultacje biznesowe<\/p>\n<\/div>\n<\/div>\n<\/div>\n<\/div>\n<\/div>\n<\/div>\n<\/div>\n<\/div>\n<\/div>\n\n\n\n<p class=\"wp-block-paragraph\"><\/p>\n","protected":false},"excerpt":{"rendered":"<p>Nasza oferta skierowana jest do firm, stowarzysze\u0144 stosuj\u0105cych pe\u0142n\u0105 ksi\u0119gowo\u015b\u0107. Oferujemy kompleksow\u0105 ksi\u0119gow\u0105 obs\u0142ug\u0119 dzia\u0142alno\u015bci lub tylko cz\u0119\u015bci. Poni\u017cej g\u0142\u00f3wne grupy, w kt\u00f3rych porusza si\u0119 nasze biuro rachunkowe:<\/p>\n","protected":false},"author":1,"featured_media":0,"parent":2,"menu_order":0,"comment_status":"closed","ping_status":"closed","template":"","meta":{"_crdt_document":"","footnotes":""},"class_list":["post-101","page","type-page","status-publish","hentry"],"_links":{"self":[{"href":"https:\/\/bilansbalance.pl\/index.php\/wp-json\/wp\/v2\/pages\/101","targetHints":{"allow":["GET"]}}],"collection":[{"href":"https:\/\/bilansbalance.pl\/index.php\/wp-json\/wp\/v2\/pages"}],"about":[{"href":"https:\/\/bilansbalance.pl\/index.php\/wp-json\/wp\/v2\/types\/page"}],"author":[{"embeddable":true,"href":"https:\/\/bilansbalance.pl\/index.php\/wp-json\/wp\/v2\/users\/1"}],"replies":[{"embeddable":true,"href":"https:\/\/bilansbalance.pl\/index.php\/wp-json\/wp\/v2\/comments?post=101"}],"version-history":[{"count":37,"href":"https:\/\/bilansbalance.pl\/index.php\/wp-json\/wp\/v2\/pages\/101\/revisions"}],"predecessor-version":[{"id":321,"href":"https:\/\/bilansbalance.pl\/index.php\/wp-json\/wp\/v2\/pages\/101\/revisions\/321"}],"up":[{"embeddable":true,"href":"https:\/\/bilansbalance.pl\/index.php\/wp-json\/wp\/v2\/pages\/2"}],"wp:attachment":[{"href":"https:\/\/bilansbalance.pl\/index.php\/wp-json\/wp\/v2\/media?parent=101"}],"curies":[{"name":"wp","href":"https:\/\/api.w.org\/{rel}","templated":true}]}}